{"id":1574,"date":"2021-06-25T07:17:50","date_gmt":"2021-06-25T07:17:50","guid":{"rendered":"https:\/\/www.ambite.es\/centrodenaturaleza\/?page_id=1574"},"modified":"2021-07-07T06:31:55","modified_gmt":"2021-07-07T06:31:55","slug":"politica-de-privacidad","status":"publish","type":"page","link":"https:\/\/www.ambite.es\/centrodenaturaleza\/politica-de-privacidad\/","title":{"rendered":"Pol\u00edtica de privacidad"},"content":{"rendered":"<p>[et_pb_section fb_built=\u00bb1&#8243; _builder_version=\u00bb4.9.7&#8243; _module_preset=\u00bbdefault\u00bb custom_padding=\u00bb30px||3px|||\u00bb][et_pb_row _builder_version=\u00bb4.9.7&#8243; _module_preset=\u00bbdefault\u00bb][et_pb_column type=\u00bb4_4&#8243; _builder_version=\u00bb4.9.7&#8243; _module_preset=\u00bbdefault\u00bb][et_pb_text _builder_version=\u00bb4.9.7&#8243; _module_preset=\u00bbdefault\u00bb text_font=\u00bbMontserrat|600|||||||\u00bb text_font_size=\u00bb29px\u00bb text_letter_spacing=\u00bb1px\u00bb text_line_height=\u00bb1.2em\u00bb text_line_height_tablet=\u00bb\u00bb text_line_height_phone=\u00bb\u00bb text_line_height_last_edited=\u00bbon|desktop\u00bb]<\/p>\n<p>POL\u00cdTICA DE PRIVACIDAD &#8211; PROTECCI\u00d3N DE DATOS<\/p>\n<p>[\/et_pb_text][et_pb_text _builder_version=\u00bb4.9.7&#8243; _module_preset=\u00bbdefault\u00bb hover_enabled=\u00bb0&#8243; sticky_enabled=\u00bb0&#8243;]<\/p>\n<p>El Ayuntamiento de Ambite informa a los usuarios del sitio web sobre su pol\u00edtica respecto del tratamiento y protecci\u00f3n de los datos de car\u00e1cter personal de los usuarios y clientes que puedan ser recabados por la navegaci\u00f3n o contrataci\u00f3n de servicios a trav\u00e9s de su sitio web. En este sentido, el Ayuntamiento de Ambite , garantiza el cumplimiento de la normativa vigente en materia de protecci\u00f3n de datos personales, reflejada en el Reglamento General de Protecci\u00f3n de Datos (RGPD) (UE) 2016\/679 y en la Ley Org\u00e1nica 3\/2018, de 5 de diciembre, de Protecci\u00f3n de Datos Personales y garant\u00eda de los derechos digitales.<\/p>\n<p><strong>\u00bfQui\u00e9n es el responsable del tratamiento de datos personales?<\/strong><br \/>El Ayuntamiento de Ambite, con C.I.F. n\u00famero P2801100E y domicilio Plaza Mayor N\u00ba1, 28580, Ambite, Madrid, tel\u00e9fono 918 722 151 y correo electr\u00f3nico<span>\u00a0<\/span><a href=\"mailto:atencionciudadano@ambite.es\">atencionciudadano@ambite.es<\/a>.<\/p>\n<p><strong>\u00bfC\u00f3mo puede contactar con el Delegado de Protecci\u00f3n de Datos del Ayuntamiento?<\/strong><br \/>La figura del Delegado de Protecci\u00f3n de Datos se encarga del asesoramiento y supervisi\u00f3n del cumplimiento de la normativa en materia de Protecci\u00f3n de Datos por parte del Ayuntamiento , as\u00ed como de la cooperaci\u00f3n con la autoridad de control, en el caso de que se requiera contactar con el Delegado puede hacerlo mediante:<\/p>\n<ul>\n<li>Env\u00edo de email a la direcci\u00f3n de correo electr\u00f3nico consultoria@ecomputer.es,<\/li>\n<li>o llamando al tel\u00e9fono 917886602.<\/li>\n<\/ul>\n<p><strong>\u00bfCon que finalidad se tratan los datos personales?<\/strong><br \/>El Ayuntamiento de Ambite, trata la informaci\u00f3n que se facilita con el fin de responder a las consultas y\/o sugerencias planteadas a trav\u00e9s de la p\u00e1gina web, tramitar o iniciar cualquier procedimiento administrativo a trav\u00e9s de sede electr\u00f3nica, mantener el contacto entre el usuario y la Administraci\u00f3n, as\u00ed como la gesti\u00f3n general de la misma.<br \/>Los datos personales proporcionados se conservar\u00e1n mientras se mantenga la relaci\u00f3n de prestaci\u00f3n del servicio, hasta que solicite la supresi\u00f3n por parte del interesado o durante los a\u00f1os necesarios para cumplir con las obligaciones legales.<\/p>\n<p><strong>\u00bfCu\u00e1l es la legitimaci\u00f3n para utilizar sus datos?<\/strong><br \/>Las bases legales para el tratamiento de datos de car\u00e1cter personal son las siguientes:<\/p>\n<ul>\n<li>El cumplimiento de una tarea en inter\u00e9s p\u00fablico o el ejercicio de poderes p\u00fablicos, as\u00ed como el cumplimiento de una obligaci\u00f3n legal, en base a las competencias que la Ley 7\/1985, de 2 de abril, Reguladora de Bases de R\u00e9gimen Local, atribuye al Ayuntamiento de Ambite.<\/li>\n<li>El consentimiento inequ\u00edvoco del interesado para el tratamiento de sus datos de car\u00e1cter personal.<\/li>\n<\/ul>\n<p><strong>\u00bfA qu\u00e9 destinatarios se comunicar\u00e1n los datos?<\/strong><br \/>Adem\u00e1s, los datos se ceder\u00e1n a terceros en los casos en los que exista una obligaci\u00f3n legal como son: la Administraci\u00f3n Tributaria, Tribunal de Cuentas, INE, Fuerzas y Cuerpos de Seguridad del Estado, Seguridad Social, Bancos y Cajas, \u00d3rganos Judiciales, Interesados Leg\u00edtimos, Centro de Coslada, Registro de Animales de la comunidad de Madrid, Comunidad de Madrid.<br \/>No se prev\u00e9n transferencias internacionales de datos.<\/p>\n<p><strong>\u00bfCu\u00e1les son sus derechos cuando facilita su consentimiento?<\/strong><br \/>Cualquier persona tiene derecho a obtener confirmaci\u00f3n sobre si en el Ayuntamiento de Ambite, se est\u00e1n tratando sus datos personales.<br \/>Las personas interesadas tienen derecho a:<\/p>\n<ul>\n<li>Solicitar el acceso a los datos personales relativos al interesado<\/li>\n<li>Solicitar su rectificaci\u00f3n o supresi\u00f3n<\/li>\n<li>Solicitar la limitaci\u00f3n de su tratamiento<\/li>\n<li>Oponerse al tratamiento<\/li>\n<li>Solicitar la portabilidad de los datos<\/li>\n<\/ul>\n<p>Los interesados podr\u00e1n acceder a sus datos personales, as\u00ed como a solicitar la rectificaci\u00f3n de los datos inexactos o, en su caso, solicitar su supresi\u00f3n cuando, entre otros motivos, los datos ya no sean necesarios para los fines que fueron recogidos.<br \/>En determinadas circunstancias, los interesados podr\u00e1n solicitar la limitaci\u00f3n del tratamiento de sus datos, en cuyo caso \u00fanicamente los conservar\u00e9 para el ejercicio o la defensa de reclamaciones.<br \/>En determinadas circunstancias y por motivos relacionados con su situaci\u00f3n particular, los interesados podr\u00e1n oponerse al tratamiento de sus datos. El Ayuntamiento de Ambite dejar\u00e1 de tratar los datos, salvo por motivos leg\u00edtimos imperiosos, o el ejercicio o la defensa de posibles reclamaciones. Tambi\u00e9n podr\u00e1n solicitar la portabilidad de sus datos.<br \/>Los interesados tambi\u00e9n tendr\u00e1n derecho a la tutela judicial efectiva y a presentar una reclamaci\u00f3n ante la autoridad de control, en este caso, la Agencia Espa\u00f1ola de Protecci\u00f3n de Datos, si consideran que el tratamiento de datos personales que le conciernen infringe el Reglamento.<\/p>\n<p><strong>\u00bfC\u00f3mo se han obtenido los datos personales?<\/strong><\/p>\n<p>Los datos personales que se tratan Enel Ayuntamiento de Ambite vienen procedentes del propio interesado.<br \/>La categor\u00eda de datos que se tratan son:<\/p>\n<ul>\n<li>Cualquier tipo de dato relevante para iniciar un procedimiento administrativo.<\/li>\n<\/ul>\n<h3><\/h3>\n<h3><\/h3>\n<h3>RECLAMACI\u00d3N ANTE LA AUTORIDAD DE CONTROL:<\/h3>\n<p>Podr\u00e1 presentar reclamaci\u00f3n ante la Autoridad de Control en materia de Protecci\u00f3n de Datos competente, especialmente cuando no haya obtenido satisfacci\u00f3n en el ejercicio de sus derechos, mediante escrito dirigido a la Agencia Espa\u00f1ola de Protecci\u00f3n de Datos, C\/Jorge Juan n\u00ba 6, 28001 Madrid o bien accediendo a su sede electr\u00f3nica: <a href=\"https:\/\/sedeagpd.gob.es\/sede-electronica-web\/\" target=\"_blank\" rel=\"noopener\">https:\/\/sedeagpd.gob.es\/sede-electronica-web\/<\/a><br \/><strong><\/strong><\/p>\n<p><strong>REGISTRO DE TRATAMIENTO DE DATOS<\/strong><\/p>\n<p><strong><\/strong><\/p>\n<ul>\n<li>Registro de entrada y de salida: Seguimiento y control de la documentaci\u00f3n de entrada y salida en el Ayuntamiento.<\/li>\n<li>Gesti\u00f3n Econ\u00f3mica: Gesti\u00f3n de la contabilidad municipal, seguimiento de la gesti\u00f3n de proveedores y acreedores.<\/li>\n<li>Impuestos Municipales: Elaboraci\u00f3n, seguimiento y gesti\u00f3n de impuestos del municipio.<\/li>\n<li>Padr\u00f3n de Habitantes: Gesti\u00f3n, control y seguimiento del padr\u00f3n de habitantes conforme al Art\u00ba16 de la Ley de Bases de r\u00e9gimen Local.<\/li>\n<li>Laboral: Gesti\u00f3n de RRHH y laboral del personal municipal, realizaci\u00f3n de n\u00f3minas, contratos y dem\u00e1s tr\u00e1mites para el cumplimiento de las obligaciones legales en materia laboral, prevenci\u00f3n de riesgos laborales y selecci\u00f3n de personal.<\/li>\n<li>Casita de ni\u00f1os: Gesti\u00f3n y administraci\u00f3n de las cuotas de la casita de ni\u00f1os promovida por el ayuntamiento.<\/li>\n<li>Procedimiento Administrativo: Recoger y tratar datos personales relacionados con la tramitaci\u00f3n de procedimientos administrativos en los que participa el Ayuntamiento y la ciudadan\u00eda.<\/li>\n<li>Archivo: Archivo documental de ejercicios anteriores: procedimiento administrativo, gesti\u00f3n contable, inventario municipal, registro de entradas y salidas, expedientes de personal y gobiernos municipales, control de acceso a investigadores.<\/li>\n<li>Licencias: Gesti\u00f3n y tramitaci\u00f3n de expedientes de licencias municipales.<\/li>\n<li>Imagen y Comunicaci\u00f3n: Web y Correo: Imagen e informaci\u00f3n del municipio y de su Ayuntamiento, publicidad de actos municipales, tr\u00e1mites administrativos facilitados al ciudadano, contacto entre ciudadano y Administraci\u00f3n, gesti\u00f3n de contactos y correos electr\u00f3nicos, sede electr\u00f3nica y portal de transparencia.<\/li>\n<li>R\u00e9gimen de Animales Dom\u00e9sticos y Peligrosos: Seguimiento y control de registros de animales dom\u00e9sticos y peligrosos.<\/li>\n<li>Cultura: Gesti\u00f3n de las actividades de sala de lectura, actividades extraescolares, sala de ordenadores y actividades para mayores.<\/li>\n<li>Registro Civil y Juzgado de Paz: Administraci\u00f3n y gesti\u00f3n de los diferentes tramites que se llevan a cabo en el registro: nacimientos, matrimonios, parejas de hecho, defunciones. As\u00ed como el seguimiento de y control del juzgado de paz.<\/li>\n<\/ul>\n<p>[\/et_pb_text][\/et_pb_column][\/et_pb_row][\/et_pb_section]<\/p>\n","protected":false},"excerpt":{"rendered":"<p>POL\u00cdTICA DE PRIVACIDAD &#8211; PROTECCI\u00d3N DE DATOSEl Ayuntamiento de Ambite informa a los usuarios del sitio web sobre su pol\u00edtica respecto del tratamiento y protecci\u00f3n de los datos de car\u00e1cter personal de los usuarios y clientes que puedan ser recabados por la navegaci\u00f3n o contrataci\u00f3n de servicios a trav\u00e9s de su sitio web. En este [&hellip;]<\/p>\n","protected":false},"author":3,"featured_media":0,"parent":0,"menu_order":0,"comment_status":"closed","ping_status":"closed","template":"","meta":{"_et_pb_use_builder":"on","_et_pb_old_content":"","_et_gb_content_width":"","footnotes":""},"class_list":["post-1574","page","type-page","status-publish","hentry"],"_links":{"self":[{"href":"https:\/\/www.ambite.es\/centrodenaturaleza\/wp-json\/wp\/v2\/pages\/1574","targetHints":{"allow":["GET"]}}],"collection":[{"href":"https:\/\/www.ambite.es\/centrodenaturaleza\/wp-json\/wp\/v2\/pages"}],"about":[{"href":"https:\/\/www.ambite.es\/centrodenaturaleza\/wp-json\/wp\/v2\/types\/page"}],"author":[{"embeddable":true,"href":"https:\/\/www.ambite.es\/centrodenaturaleza\/wp-json\/wp\/v2\/users\/3"}],"replies":[{"embeddable":true,"href":"https:\/\/www.ambite.es\/centrodenaturaleza\/wp-json\/wp\/v2\/comments?post=1574"}],"version-history":[{"count":8,"href":"https:\/\/www.ambite.es\/centrodenaturaleza\/wp-json\/wp\/v2\/pages\/1574\/revisions"}],"predecessor-version":[{"id":1695,"href":"https:\/\/www.ambite.es\/centrodenaturaleza\/wp-json\/wp\/v2\/pages\/1574\/revisions\/1695"}],"wp:attachment":[{"href":"https:\/\/www.ambite.es\/centrodenaturaleza\/wp-json\/wp\/v2\/media?parent=1574"}],"curies":[{"name":"wp","href":"https:\/\/api.w.org\/{rel}","templated":true}]}}